{"id":11391,"date":"2024-12-07T16:46:21","date_gmt":"2024-12-07T16:46:21","guid":{"rendered":"https:\/\/msdnmoz.org\/?page_id=11391"},"modified":"2025-02-04T08:50:21","modified_gmt":"2025-02-04T08:50:21","slug":"registar","status":"publish","type":"page","link":"https:\/\/msdnmoz.org\/en\/registar\/","title":{"rendered":"Registar"},"content":{"rendered":"<style>.elementor-11391 .elementor-element.elementor-element-2dbfc7e{--display:flex;--flex-direction:row;--container-widget-width:initial;--container-widget-height:100%;--container-widget-flex-grow:1;--container-widget-align-self:stretch;--flex-wrap-mobile:wrap;--justify-content:center;--gap:0px 0px;--row-gap:0px;--column-gap:0px;--padding-top:50px;--padding-bottom:50px;--padding-left:50px;--padding-right:50px;}.elementor-11391 .elementor-element.elementor-element-94271c1{--display:flex;--flex-direction:column;--container-widget-width:100%;--container-widget-height:initial;--container-widget-flex-grow:0;--container-widget-align-self:initial;--flex-wrap-mobile:wrap;--justify-content:center;--gap:0px 0px;--row-gap:0px;--column-gap:0px;--border-radius:0px 0px 0px 0px;box-shadow:0px 0px 10px 0px rgba(0, 0, 0, 0.24);--margin-top:0px;--margin-bottom:0px;--margin-left:0px;--margin-right:0px;--padding-top:0px;--padding-bottom:0px;--padding-left:0px;--padding-right:0px;}.elementor-11391 .elementor-element.elementor-element-94271c1:not(.elementor-motion-effects-element-type-background), .elementor-11391 .elementor-element.elementor-element-94271c1 > .elementor-motion-effects-container > .elementor-motion-effects-layer{background-color:#E4E4E4;}.elementor-11391 .elementor-element.elementor-element-94271c1.e-con{--flex-grow:0;--flex-shrink:0;}.elementor-11391 .elementor-element.elementor-element-34daa96{padding:40px 40px 40px 40px;background-color:var( --e-global-color-c3f16e9 );border-radius:0px 0px 10px 10px;}.elementor-11391 .elementor-element.elementor-element-07145f6.elementor-position-right .elementor-image-box-img{margin-left:15px;}.elementor-11391 .elementor-element.elementor-element-07145f6.elementor-position-left .elementor-image-box-img{margin-right:15px;}.elementor-11391 .elementor-element.elementor-element-07145f6.elementor-position-top .elementor-image-box-img{margin-bottom:15px;}.elementor-11391 .elementor-element.elementor-element-07145f6 .elementor-image-box-title{margin-bottom:20px;font-size:25px;font-weight:800;line-height:0px;}.elementor-11391 .elementor-element.elementor-element-07145f6 .elementor-image-box-wrapper .elementor-image-box-img{width:13%;}.elementor-11391 .elementor-element.elementor-element-07145f6 .elementor-image-box-img img{transition-duration:0.3s;}.elementor-11391 .elementor-element.elementor-element-07145f6 .elementor-image-box-description{font-size:15px;font-weight:400;}.elementor-11391 .elementor-element.elementor-element-07145f6{margin:25px 0px calc(var(--kit-widget-spacing, 0px) + 25px) 0px;width:var( --container-widget-width, 82.735% );max-width:82.735%;--container-widget-width:82.735%;--container-widget-flex-grow:0;}.elementor-11391 .elementor-element.elementor-element-07145f6.elementor-element{--align-self:center;--order:-99999 \/* order start hack *\/;--flex-grow:0;--flex-shrink:0;}.elementor-11391 .elementor-element.elementor-element-4c6cf08.elementor-position-right .elementor-image-box-img{margin-left:15px;}.elementor-11391 .elementor-element.elementor-element-4c6cf08.elementor-position-left .elementor-image-box-img{margin-right:15px;}.elementor-11391 .elementor-element.elementor-element-4c6cf08.elementor-position-top .elementor-image-box-img{margin-bottom:15px;}.elementor-11391 .elementor-element.elementor-element-4c6cf08 .elementor-image-box-title{margin-bottom:20px;font-size:25px;font-weight:800;line-height:0px;}.elementor-11391 .elementor-element.elementor-element-4c6cf08 .elementor-image-box-wrapper .elementor-image-box-img{width:13%;}.elementor-11391 .elementor-element.elementor-element-4c6cf08 .elementor-image-box-img img{transition-duration:0.3s;}.elementor-11391 .elementor-element.elementor-element-4c6cf08 .elementor-image-box-description{font-size:15px;font-weight:400;}.elementor-11391 .elementor-element.elementor-element-4c6cf08{margin:25px 0px calc(var(--kit-widget-spacing, 0px) + 25px) 0px;width:var( --container-widget-width, 82.375% );max-width:82.375%;--container-widget-width:82.375%;--container-widget-flex-grow:0;}.elementor-11391 .elementor-element.elementor-element-4c6cf08.elementor-element{--align-self:center;--order:-99999 \/* order start hack *\/;--flex-grow:0;--flex-shrink:0;}@media(max-width:767px){.elementor-11391 .elementor-element.elementor-element-07145f6 .elementor-image-box-img{margin-bottom:15px;}.elementor-11391 .elementor-element.elementor-element-4c6cf08 .elementor-image-box-img{margin-bottom:15px;}}@media(min-width:768px){.elementor-11391 .elementor-element.elementor-element-2dbfc7e{--content-width:970px;}.elementor-11391 .elementor-element.elementor-element-94271c1{--width:65%;}}<\/style>\t\t<div data-elementor-type=\"wp-page\" data-elementor-id=\"11391\" class=\"elementor elementor-11391\" data-elementor-post-type=\"page\">\n\t\t\t\t<div class=\"elementor-element elementor-element-2dbfc7e e-flex e-con-boxed e-con e-parent\" data-id=\"2dbfc7e\" data-element_type=\"container\" data-e-type=\"container\" data-settings=\"{&quot;jet_parallax_layout_list&quot;:[]}\">\n\t\t\t\t\t<div class=\"e-con-inner\">\n\t\t<div class=\"elementor-element elementor-element-94271c1 e-con-full e-flex e-con e-child\" data-id=\"94271c1\" data-element_type=\"container\" data-e-type=\"container\" data-settings=\"{&quot;background_background&quot;:&quot;classic&quot;,&quot;jet_parallax_layout_list&quot;:[]}\">\n\t\t\t\t<div class=\"elementor-element elementor-element-34daa96 elementor-widget elementor-widget-shortcode\" data-id=\"34daa96\" data-element_type=\"widget\" data-e-type=\"widget\" data-widget_type=\"shortcode.default\">\n\t\t\t\t\t\t\t<div class=\"elementor-shortcode\">\n<form id=\"pms_register-form\" class=\"pms-form\" method=\"POST\" action=\"\">\n\n    \n    <input type=\"hidden\" id=\"pmstkn\" name=\"pmstkn\" value=\"80970ccada\" \/><input type=\"hidden\" name=\"_wp_http_referer\" value=\"\/en\/wp-json\/wp\/v2\/pages\/11391\" \/>\n    <ul class=\"pms-form-fields-wrapper\">\n\n        \n\n        \n        <div class=\"pms-account-section-wrapper\">\n                <li class=\"pms-field pms-user-login-field\">\n            <label for=\"pms_user_login\">Username *<\/label>\n            <input id=\"pms_user_login\" name=\"user_login\" type=\"text\" value=\"\" \/>\n\n                    <\/li>\n\n                <li class=\"pms-field pms-user-email-field\">\n            <label for=\"pms_user_email\">E-mail *<\/label>\n            <input id=\"pms_user_email\" name=\"user_email\" type=\"text\" value=\"\" \/>\n\n                    <\/li>\n\n                <li class=\"pms-field pms-first-name-field\">\n            <label for=\"pms_first_name\">First Name<\/label>\n            <input id=\"pms_first_name\" name=\"first_name\" type=\"text\" value=\"\" \/>\n\n                    <\/li>\n\n                <li class=\"pms-field pms-last-name-field\">\n            <label for=\"pms_last_name\">Last Name<\/label>\n            <input id=\"pms_last_name\" name=\"last_name\" type=\"text\" value=\"\" \/>\n\n                    <\/li>\n\n                <li class=\"pms-field pms-pass1-field\">\n            <label for=\"pms_pass1\">Password *<\/label>\n            <input id=\"pms_pass1\" name=\"pass1\" type=\"password\" \/>\n\n            \n                    <\/li>\n\n\n\n                <li class=\"pms-field pms-pass2-field\">\n            <label for=\"pms_pass2\">Repeat Password *<\/label>\n            <input id=\"pms_pass2\" name=\"pass2\" type=\"password\" \/>\n\n                    <\/li>\n\n            <li style=\"list-style-type: none;\" class=\"pms-field pms-gdpr-field\">\n        <label for=\"pms_user_consent\">\n            <input id=\"pms_user_consent\" name=\"user_consent\" type=\"checkbox\" value=\"1\">\n\n            <span class=\"pms-gdpr-field-text\">\n             Eu autorizo o site a coletar e armazenar os dados que envio atrav\u00e9s deste formul\u00e1rio.*            <\/span>\n        <\/label>\n            <\/li>\n    <\/div>\n        \n        <li class=\"pms-field pms-field-subscriptions\"><div class=\"pms-subscription-plan pms-subscription-plan-10358\"><label><input type=\"radio\" name=\"subscription_plans\" data-price=\"1500\" data-duration=\"1\" data-fixed_membership=\"\" data-allow_renew=\"\" data-sign_up_fee=\"0\" data-trial=\"0\" data-recurring=\"0\"  value=\"10358\"  checked='checked'data-default-selected=\"true\" \/><span class=\"pms-subscription-plan-name\">Empresas Internacionais<\/span><span class=\"pms-subscription-plan-price\"><span class=\"pms-divider\"> - <\/span><span class=\"pms-subscription-plan-currency\">&#36;<\/span><span class=\"pms-subscription-plan-price-value\">1,500<\/span><span class=\"pms-divider pms-duration-divider\"> \/ <\/span><span class=\"pms-subscription-plan-duration\">1 Year<\/span><\/span><span class=\"pms-subscription-plan-trial\"><\/span><span class=\"pms-subscription-plan-sign-up-fee\"><\/span><\/label><div class=\"pms-subscription-plan-description\">Custo em meticais = 94 875, 00Mt<\/div><\/div><div class=\"pms-subscription-plan pms-subscription-plan-11505\"><label><input type=\"radio\" name=\"subscription_plans\" data-price=\"400\" data-duration=\"1\" data-fixed_membership=\"\" data-allow_renew=\"\" data-sign_up_fee=\"0\" data-trial=\"0\" data-recurring=\"0\"  value=\"11505\" data-default-checked=\"false\" \/><span class=\"pms-subscription-plan-name\">Local business<\/span><span class=\"pms-subscription-plan-price\"><span class=\"pms-divider\"> - <\/span><span class=\"pms-subscription-plan-currency\">&#36;<\/span><span class=\"pms-subscription-plan-price-value\">400<\/span><span class=\"pms-divider pms-duration-divider\"> \/ <\/span><span class=\"pms-subscription-plan-duration\">1 Year<\/span><\/span><span class=\"pms-subscription-plan-trial\"><\/span><span class=\"pms-subscription-plan-sign-up-fee\"><\/span><\/label><div class=\"pms-subscription-plan-description\">Custo em meticais = 25 300, 00Mt<\/div><\/div><div class=\"pms-subscription-plan pms-subscription-plan-10356\"><label><input type=\"radio\" name=\"subscription_plans\" data-price=\"100\" data-duration=\"1\" data-fixed_membership=\"\" data-allow_renew=\"\" data-sign_up_fee=\"0\" data-trial=\"0\" data-recurring=\"0\"  value=\"10356\" data-default-checked=\"false\" \/><span class=\"pms-subscription-plan-name\">Professional<\/span><span class=\"pms-subscription-plan-price\"><span class=\"pms-divider\"> - <\/span><span class=\"pms-subscription-plan-currency\">&#36;<\/span><span class=\"pms-subscription-plan-price-value\">100<\/span><span class=\"pms-divider pms-duration-divider\"> \/ <\/span><span class=\"pms-subscription-plan-duration\">1 Year<\/span><\/span><span class=\"pms-subscription-plan-trial\"><\/span><span class=\"pms-subscription-plan-sign-up-fee\"><\/span><\/label><div class=\"pms-subscription-plan-description\">Custo em meticais = 6 325, 00Mt<\/div><\/div><div class=\"pms-subscription-plan pms-subscription-plan-14643\"><label><input type=\"radio\" name=\"subscription_plans\" data-price=\"0\" data-duration=\"1\" data-fixed_membership=\"\" data-allow_renew=\"\" data-sign_up_fee=\"0\" data-trial=\"0\" data-recurring=\"2\"  value=\"14643\" data-default-checked=\"false\" \/><span class=\"pms-subscription-plan-name\">Gratuito<\/span><span class=\"pms-subscription-plan-price\"><span class=\"pms-divider\"> - <\/span><span class=\"pms-subscription-plan-price-value\">Free<\/span><span class=\"pms-divider pms-duration-divider\"> \/ <\/span><span class=\"pms-subscription-plan-duration\">1 Year<\/span><\/span><span class=\"pms-subscription-plan-trial\"><\/span><span class=\"pms-subscription-plan-sign-up-fee\"><\/span><\/label><\/div><div class=\"pms-subscription-plan-auto-renew\"><label><input name=\"pms_recurring\" type=\"checkbox\" value=\"1\"  \/>Automatically renew subscription<\/label><\/div><input type=\"hidden\" name=\"pms_default_recurring\" value=\"1\" \/><div id=\"pms-paygates-wrapper\"><input type=\"hidden\" class=\"pms_pay_gate\" name=\"pay_gate\" value=\"paypal_connect\" data-sign_up_fee=\"1\" data-trial=\"1\" data-recurring=\"1\"  data-type=\"extra_fields\" \/><\/div><input type=\"hidden\" id=\"pms-process-checkout-nonce\" name=\"pms_process_checkout_nonce\" value=\"09250bb25d\"\/><\/li>\n    <\/ul>\n\n    <span id=\"pms-submit-button-loading-placeholder-text\" style=\"display: none;\">Processing. Please wait...<\/span><ul id=\"pms-paypal-connect\" class=\"pms-field-section pms-paygate-extra-fields pms-paygate-extra-fields-paypal_connect\"><div id=\"pms-paygate-extra-fields-paypal_connect__placeholder\">Before you can accept payments, you need to connect your PayPal account by going to Dashboard -> Paid Member Subscriptions -> Settings -> Payments -> <a href=\"https:\/\/msdnmoz.org\/wp-admin\/admin.php?page=pms-settings-page&#038;tab=payments&#038;nav_sub_tab=payments_gateways\">Gateways<\/a>.<\/div><\/ul><div id=\"pms-recaptcha-register-wrapper\" class=\"pms-field\"><div id=\"pms-recaptcha-register\" class=\"pms-recaptcha g-recaptcha\" data-sitekey=\"6LcA3JUqAAAAAGQxyp6EVk_-Vr971H7gzBrE241O\" data-theme=\"light\" data-size=\"normal\"><\/div><\/div>\n    <input class=\"pms-form-submit\" name=\"pms_register\" type=\"submit\" value=\"Register\" \/>\n\n<input type=\"hidden\" name=\"trp-form-language\" value=\"en\"\/><\/form>\n<\/div>\n\t\t\t\t\t\t<\/div>\n\t\t\t\t<div class=\"elementor-element elementor-element-4c6cf08 elementor-widget__width-initial jedv-enabled--yes elementor-position-top elementor-widget elementor-widget-image-box\" data-id=\"4c6cf08\" data-element_type=\"widget\" data-e-type=\"widget\" data-widget_type=\"image-box.default\">\n\t\t\t\t\t<div class=\"elementor-image-box-wrapper\"><figure class=\"elementor-image-box-img\"><img fetchpriority=\"high\" decoding=\"async\" width=\"300\" height=\"300\" src=\"https:\/\/msdnmoz.org\/wp-content\/uploads\/2024\/10\/information-300x300.png\" class=\"attachment-medium size-medium wp-image-8720\" alt=\"\" srcset=\"https:\/\/msdnmoz.org\/wp-content\/uploads\/2024\/10\/information-300x300.png 300w, https:\/\/msdnmoz.org\/wp-content\/uploads\/2024\/10\/information-100x100.png 100w, https:\/\/msdnmoz.org\/wp-content\/uploads\/2024\/10\/information-150x150.png 150w, https:\/\/msdnmoz.org\/wp-content\/uploads\/2024\/10\/information-12x12.png 12w, https:\/\/msdnmoz.org\/wp-content\/uploads\/2024\/10\/information.png 512w\" sizes=\"(max-width: 300px) 100vw, 300px\" \/><\/figure><div class=\"elementor-image-box-content\"><h3 class=\"elementor-image-box-title\">REGISTE-SE<\/h3><p class=\"elementor-image-box-description\">Registe-se agora e tenha acesso \u00e0s melhores vantagens que preparamos para voc\u00ea. Selecione um plano e aproveite benef\u00edcios estrat\u00e9gicos para impulsionar o seu neg\u00f3cio!<\/p><\/div><\/div>\t\t\t\t<\/div>\n\t\t\t\t<\/div>\n\t\t\t\t\t<\/div>\n\t\t\t\t<\/div>\n\t\t\t\t<\/div>","protected":false},"excerpt":{"rendered":"<p>RESUMO DE PAGAMENTO Se chegou at\u00e9 aqui, significa que selecionou um plano para pagamento. Conclua o processo clicando em &#8220;Retry payment&#8221; para acessar o formul\u00e1rio de pagamento. REGISTE-SE Registe-se agora e tenha acesso \u00e0s melhores vantagens que preparamos para voc\u00ea. Selecione um plano e aproveite benef\u00edcios estrat\u00e9gicos para impulsionar o seu neg\u00f3cio!<\/p>","protected":false},"author":3,"featured_media":0,"parent":0,"menu_order":0,"comment_status":"closed","ping_status":"closed","template":"","meta":{"footnotes":""},"class_list":["post-11391","page","type-page","status-publish","hentry"],"_links":{"self":[{"href":"https:\/\/msdnmoz.org\/en\/wp-json\/wp\/v2\/pages\/11391","targetHints":{"allow":["GET"]}}],"collection":[{"href":"https:\/\/msdnmoz.org\/en\/wp-json\/wp\/v2\/pages"}],"about":[{"href":"https:\/\/msdnmoz.org\/en\/wp-json\/wp\/v2\/types\/page"}],"author":[{"embeddable":true,"href":"https:\/\/msdnmoz.org\/en\/wp-json\/wp\/v2\/users\/3"}],"replies":[{"embeddable":true,"href":"https:\/\/msdnmoz.org\/en\/wp-json\/wp\/v2\/comments?post=11391"}],"version-history":[{"count":0,"href":"https:\/\/msdnmoz.org\/en\/wp-json\/wp\/v2\/pages\/11391\/revisions"}],"wp:attachment":[{"href":"https:\/\/msdnmoz.org\/en\/wp-json\/wp\/v2\/media?parent=11391"}],"curies":[{"name":"wp","href":"https:\/\/api.w.org\/{rel}","templated":true}]}}